{"id":233,"date":"2023-07-20T03:04:28","date_gmt":"2023-07-20T08:04:28","guid":{"rendered":"http:\/\/ihumanware.com\/?page_id=233"},"modified":"2026-03-15T22:10:55","modified_gmt":"2026-03-16T04:10:55","slug":"cas","status":"publish","type":"page","link":"https:\/\/ihumanware.com\/en\/cas\/","title":{"rendered":"CAS (Social Support Center)"},"content":{"rendered":"\n<figure class=\"wp-block-pullquote alignfull animated fadeIn has-text-color has-max-36-font-size\" style=\"color:#893ba9;font-style:normal;font-weight:800\"><blockquote><p>PROYECTO:<br>\u201cCENTRO DE APOYO SOCIAL PARA FAMILIAS CON PACIENTES<br>EN EL COMPLEJO MEDICO DEL SUR DE PUEBLA\u201d<\/p><cite><mark style=\"background-color:rgba(0, 0, 0, 0);color:#893ba9\" class=\"has-inline-color\">Ayud\u00e1mos a las familias en momentos dif\u00edciles\u2026..<\/mark><\/cite><\/blockquote><\/figure>\n\n\n\n<div class=\"wp-block-buttons is-content-justification-center is-layout-flex wp-container-core-buttons-is-layout-a89b3969 wp-block-buttons-is-layout-flex\">\n<div class=\"wp-block-button is-style-fill\"><a class=\"wp-block-button__link has-secondary-background-color has-background wp-element-button\" href=\"https:\/\/casmexico.org\/\">Visitar sitio<\/a><\/div>\n<\/div>\n\n\n<div\n    \tclass=\"free alignfull animated fadeIn wp-block-csb-content-slider-block\"    id='csbContentSlider-1' \n    data-attributes='{&quot;align&quot;:&quot;full&quot;,&quot;slides&quot;:[{&quot;background&quot;:{&quot;color&quot;:&quot;#00000080&quot;,&quot;type&quot;:&quot;image&quot;,&quot;gradient&quot;:&quot;linear-gradient(135deg, #4527a4, #8344c5)&quot;,&quot;image&quot;:{&quot;id&quot;:354,&quot;url&quot;:&quot;http:\\\/\\\/ihumanware.com\\\/wp-content\\\/uploads\\\/2023\\\/08\\\/calidadvida.jpg&quot;,&quot;alt&quot;:&quot;&quot;,&quot;title&quot;:&quot;calidadvida&quot;},&quot;position&quot;:&quot;center center&quot;,&quot;attachment&quot;:&quot;initial&quot;,&quot;repeat&quot;:&quot;no-repeat&quot;,&quot;size&quot;:&quot;cover&quot;,&quot;overlayColor&quot;:&quot;#000000b3&quot;,&quot;styles&quot;:&quot;background: url(http:\\\/\\\/ihumanware.com\\\/wp-content\\\/uploads\\\/2023\\\/08\\\/calidadvida.jpg); background-position: center center; background-size: cover; background-repeat: no-repeat; background-color: #000000b3; background-blend-mode: overlay;&quot;},&quot;position&quot;:&quot;&quot;,&quot;positionHolder&quot;:&quot;center center&quot;,&quot;childPositions&quot;:[{&quot;top&quot;:&quot;34.991&quot;,&quot;left&quot;:&quot;46.914&quot;},{&quot;top&quot;:&quot;48.997&quot;,&quot;left&quot;:&quot;19.582&quot;},{&quot;top&quot;:54.5,&quot;left&quot;:44.625}],&quot;title&quot;:&quot;Misi\\u00f3n:&quot;,&quot;titleColor&quot;:&quot;#fff&quot;,&quot;description&quot;:&quot;Mejorar la calidad de vida de los cuidadores primarios que cuidan de su paciente, durante\\nsu periodo internaci\\u00f3n.&quot;,&quot;descColor&quot;:&quot;#fff&quot;,&quot;btnText&quot;:&quot;&quot;,&quot;btnLink&quot;:&quot;&quot;,&quot;btnColors&quot;:{&quot;color&quot;:&quot;#fff&quot;,&quot;bg&quot;:&quot;#4527a4&quot;,&quot;bgType&quot;:&quot;solid&quot;,&quot;gradient&quot;:&quot;linear-gradient(135deg, #4527a4, #8344c5)&quot;,&quot;styles&quot;:&quot;color: #fff; background: #4527a4;&quot;},&quot;btnHovColors&quot;:{&quot;color&quot;:&quot;#fff&quot;,&quot;bg&quot;:&quot;#8344c5&quot;,&quot;bgType&quot;:&quot;solid&quot;,&quot;gradient&quot;:&quot;linear-gradient(135deg, #4527a4, #8344c5)&quot;,&quot;styles&quot;:&quot;color: #fff; background: #8344c5;&quot;}},{&quot;background&quot;:{&quot;color&quot;:&quot;#00000080&quot;,&quot;type&quot;:&quot;image&quot;,&quot;gradient&quot;:&quot;linear-gradient(135deg, #4527a4, #8344c5)&quot;,&quot;image&quot;:{&quot;id&quot;:355,&quot;url&quot;:&quot;http:\\\/\\\/ihumanware.com\\\/wp-content\\\/uploads\\\/2023\\\/08\\\/apoyo.jpg&quot;,&quot;alt&quot;:&quot;&quot;,&quot;title&quot;:&quot;apoyo&quot;},&quot;position&quot;:&quot;center center&quot;,&quot;attachment&quot;:&quot;initial&quot;,&quot;repeat&quot;:&quot;no-repeat&quot;,&quot;size&quot;:&quot;cover&quot;,&quot;overlayColor&quot;:&quot;#000000b3&quot;,&quot;styles&quot;:&quot;background: url(http:\\\/\\\/ihumanware.com\\\/wp-content\\\/uploads\\\/2023\\\/08\\\/apoyo.jpg); background-position: center center; background-size: cover; background-repeat: no-repeat; background-color: #000000b3; background-blend-mode: overlay;&quot;},&quot;position&quot;:&quot;&quot;,&quot;positionHolder&quot;:&quot;center center&quot;,&quot;childPositions&quot;:[{&quot;top&quot;:&quot;35.747&quot;,&quot;left&quot;:&quot;47.208&quot;},{&quot;top&quot;:&quot;45.994&quot;,&quot;left&quot;:&quot;31.660&quot;},{&quot;top&quot;:54.5,&quot;left&quot;:44.625}],&quot;title&quot;:&quot;Visi\\u00f3n&quot;,&quot;titleColor&quot;:&quot;#fff&quot;,&quot;description&quot;:&quot;Ser una organizaci\\u00f3n de apoyo a la poblaci\\u00f3n en espera de un paciente internado en un hospital&quot;,&quot;descColor&quot;:&quot;#fff&quot;,&quot;btnText&quot;:&quot;&quot;,&quot;btnLink&quot;:&quot;&quot;,&quot;btnColors&quot;:{&quot;color&quot;:&quot;#fff&quot;,&quot;bg&quot;:&quot;#4527a4&quot;,&quot;bgType&quot;:&quot;solid&quot;,&quot;gradient&quot;:&quot;linear-gradient(135deg, #4527a4, #8344c5)&quot;,&quot;styles&quot;:&quot;color: #fff; background: #4527a4;&quot;},&quot;btnHovColors&quot;:{&quot;color&quot;:&quot;#fff&quot;,&quot;bg&quot;:&quot;#8344c5&quot;,&quot;bgType&quot;:&quot;solid&quot;,&quot;gradient&quot;:&quot;linear-gradient(135deg, #4527a4, #8344c5)&quot;,&quot;styles&quot;:&quot;color: #fff; background: #8344c5;&quot;}}],&quot;isLoop&quot;:false,&quot;speed&quot;:0.6,&quot;isAutoplay&quot;:false,&quot;className&quot;:&quot;animated fadeIn&quot;,&quot;columns&quot;:{&quot;desktop&quot;:1,&quot;tablet&quot;:1,&quot;mobile&quot;:1},&quot;columnGap&quot;:15,&quot;sliderWidth&quot;:&quot;100%&quot;,&quot;sliderHeight&quot;:&quot;400px&quot;,&quot;sliderAlign&quot;:&quot;center&quot;,&quot;isTouchMove&quot;:true,&quot;autoplayOptions&quot;:{&quot;delay&quot;:1.5,&quot;disableOnInteraction&quot;:false,&quot;reverseDirection&quot;:false,&quot;pauseOnMouseEnter&quot;:false,&quot;stopOnLastSlide&quot;:false},&quot;freeModeOptions&quot;:{&quot;enabled&quot;:false,&quot;sticky&quot;:false},&quot;effect&quot;:&quot;slide&quot;,&quot;keyboardOptions&quot;:{&quot;enabled&quot;:false},&quot;isMousewheel&quot;:false,&quot;isPage&quot;:true,&quot;pageOnDevice&quot;:{&quot;tablet&quot;:true,&quot;mobile&quot;:true},&quot;isPageClickable&quot;:true,&quot;isPageDynamic&quot;:true,&quot;isPrevNext&quot;:true,&quot;prevNextOnDevice&quot;:{&quot;tablet&quot;:true,&quot;mobile&quot;:true},&quot;sliderBG&quot;:{&quot;color&quot;:&quot;#0000&quot;},&quot;sliderPadding&quot;:{&quot;vertical&quot;:&quot;0px&quot;,&quot;horizontal&quot;:&quot;0px&quot;},&quot;pageColor&quot;:&quot;#fff&quot;,&quot;pageWidth&quot;:&quot;15px&quot;,&quot;pageHeight&quot;:&quot;15px&quot;,&quot;pageBorder&quot;:{&quot;radius&quot;:&quot;50%&quot;},&quot;prevNextColor&quot;:&quot;#fff&quot;,&quot;isTitle&quot;:true,&quot;titleTypo&quot;:{&quot;fontSize&quot;:{&quot;desktop&quot;:&quot;25px&quot;,&quot;tablet&quot;:&quot;22px&quot;,&quot;mobile&quot;:&quot;20px&quot;}},&quot;isDesc&quot;:true,&quot;descTypo&quot;:{&quot;fontSize&quot;:{&quot;desktop&quot;:&quot;15px&quot;}},&quot;descColor&quot;:&quot;&quot;,&quot;isBtn&quot;:true,&quot;linkTarget&quot;:&quot;_blank&quot;,&quot;btnTypo&quot;:{&quot;fontSize&quot;:{&quot;desktop&quot;:&quot;16px&quot;}},&quot;btnPadding&quot;:{&quot;vertical&quot;:&quot;12px&quot;,&quot;horizontal&quot;:&quot;35px&quot;},&quot;btnBorder&quot;:{&quot;radius&quot;:&quot;3px&quot;},&quot;hasCustomCSS&quot;:false,&quot;customCSS&quot;:&quot;&quot;,&quot;TrpContentRestriction&quot;:{&quot;restriction_type&quot;:&quot;exclude&quot;,&quot;selected_languages&quot;:[],&quot;panel_open&quot;:true},&quot;otterConditions&quot;:[]}'\n><\/div>\n\n\n<div class=\"wp-block-columns alignfull animated fadeIn is-layout-flex wp-container-core-columns-is-layout-28f84493 wp-block-columns-is-layout-flex\">\n<div class=\"wp-block-column is-layout-flow wp-block-column-is-layout-flow\">\n<figure class=\"wp-block-pullquote has-x-large-font-size\" style=\"font-style:normal;font-weight:800\"><blockquote><p>VALORES<\/p><cite>1.- Responsabilidad<br>2.- Honestidad<br>3.- Orden y Limpieza<br>4.-Compromiso y Lealtad<br>5.- Pasi\u00f3n por la Innovaci\u00f3n<br>6.- Trabajo en Equipo<br>7.- Comunicaci\u00f3n<\/cite><\/blockquote><\/figure>\n<\/div>\n\n\n\n<div class=\"wp-block-column is-layout-flow wp-block-column-is-layout-flow\">\n<figure class=\"wp-block-image size-full is-resized\"><img loading=\"lazy\" decoding=\"async\" width=\"782\" height=\"864\" src=\"http:\/\/ihumanware.com\/wp-content\/uploads\/2022\/11\/image-1.png\" alt=\"\" class=\"wp-image-72\" style=\"width:391px;height:432px\" srcset=\"https:\/\/ihumanware.com\/wp-content\/uploads\/2022\/11\/image-1.png 782w, https:\/\/ihumanware.com\/wp-content\/uploads\/2022\/11\/image-1-272x300.png 272w, https:\/\/ihumanware.com\/wp-content\/uploads\/2022\/11\/image-1-768x849.png 768w\" sizes=\"auto, (max-width: 782px) 100vw, 782px\" \/><\/figure>\n<\/div>\n<\/div>\n\n\n\n<div class=\"wp-block-media-text alignwide is-stacked-on-mobile animated fadeIn\"><figure class=\"wp-block-media-text__media\"><img loading=\"lazy\" decoding=\"async\" width=\"512\" height=\"512\" src=\"http:\/\/ihumanware.com\/wp-content\/uploads\/2023\/08\/apoyo1.png\" alt=\"\" class=\"wp-image-359 size-full\" srcset=\"https:\/\/ihumanware.com\/wp-content\/uploads\/2023\/08\/apoyo1.png 512w, https:\/\/ihumanware.com\/wp-content\/uploads\/2023\/08\/apoyo1-300x300.png 300w, https:\/\/ihumanware.com\/wp-content\/uploads\/2023\/08\/apoyo1-150x150.png 150w, https:\/\/ihumanware.com\/wp-content\/uploads\/2023\/08\/apoyo1-12x12.png 12w\" sizes=\"auto, (max-width: 512px) 100vw, 512px\" \/><\/figure><div class=\"wp-block-media-text__content\">\n<p><\/p>\n\n\n\n<figure class=\"wp-block-pullquote\"><blockquote><p>OBJETIVO SOCIAL:<\/p><cite>Evitar en lo possible que los familiares esperando saber de sus pacientes que:<br><br>-Habitan fuera del Complejo Medico Sur en el piso<br>-Duermen en cartones<br>-Comen lo que pueden y su situaci\u00f3n es inhumana.<br><br><br><br>BUSCAMOS PROVEER Y APOYAR estas y otras necesidades, haciendo su estancia m\u00e1s HUMANA<\/cite><\/blockquote><\/figure>\n<\/div><\/div>\n\n\n\n<p><\/p>\n","protected":false},"excerpt":{"rendered":"<p>PROYECTO:\u201cCENTRO DE APOYO SOCIAL PARA FAMILIAS CON PACIENTESEN EL COMPLEJO MEDICO DEL SUR DE PUEBLA\u201d Ayud\u00e1mos a las familias en momentos dif\u00edciles\u2026.. VALORES 1.- Responsabilidad2.- Honestidad3.- Orden y Limpieza4.-Compromiso y Lealtad5.- Pasi\u00f3n por la Innovaci\u00f3n6.- Trabajo en Equipo7.- Comunicaci\u00f3n OBJETIVO SOCIAL: Evitar en lo possible que los familiares esperando saber de sus pacientes que: -Habitan [&hellip;]<\/p>\n","protected":false},"author":1,"featured_media":0,"parent":0,"menu_order":0,"comment_status":"closed","ping_status":"closed","template":"","meta":{"_eb_attr":"","_themeisle_gutenberg_block_has_review":false,"footnotes":""},"class_list":["post-233","page","type-page","status-publish","hentry"],"_links":{"self":[{"href":"https:\/\/ihumanware.com\/en\/wp-json\/wp\/v2\/pages\/233","targetHints":{"allow":["GET"]}}],"collection":[{"href":"https:\/\/ihumanware.com\/en\/wp-json\/wp\/v2\/pages"}],"about":[{"href":"https:\/\/ihumanware.com\/en\/wp-json\/wp\/v2\/types\/page"}],"author":[{"embeddable":true,"href":"https:\/\/ihumanware.com\/en\/wp-json\/wp\/v2\/users\/1"}],"replies":[{"embeddable":true,"href":"https:\/\/ihumanware.com\/en\/wp-json\/wp\/v2\/comments?post=233"}],"version-history":[{"count":11,"href":"https:\/\/ihumanware.com\/en\/wp-json\/wp\/v2\/pages\/233\/revisions"}],"predecessor-version":[{"id":535,"href":"https:\/\/ihumanware.com\/en\/wp-json\/wp\/v2\/pages\/233\/revisions\/535"}],"wp:attachment":[{"href":"https:\/\/ihumanware.com\/en\/wp-json\/wp\/v2\/media?parent=233"}],"curies":[{"name":"wp","href":"https:\/\/api.w.org\/{rel}","templated":true}]}}