{"id":38,"date":"2022-11-21T08:50:45","date_gmt":"2022-11-21T08:50:45","guid":{"rendered":"http:\/\/ihumanware.com\/?page_id=38"},"modified":"2023-08-05T02:23:35","modified_gmt":"2023-08-05T07:23:35","slug":"nosotros","status":"publish","type":"page","link":"https:\/\/ihumanware.com\/en\/nosotros\/","title":{"rendered":"About Us"},"content":{"rendered":"<main class=\"wp-block-group alignfull site-content has-white-background-color has-background has-global-padding is-layout-constrained wp-block-group-is-layout-constrained\" style=\"margin-top:0\">\n<div class=\"wp-block-cover alignfull animated fadeIn\"><span aria-hidden=\"true\" class=\"wp-block-cover__background has-secondary-background-color has-background-dim-60 has-background-dim\"><\/span><img loading=\"lazy\" decoding=\"async\" width=\"940\" height=\"627\" class=\"wp-block-cover__image-background wp-image-56\" alt=\"\" src=\"http:\/\/ihumanware.com\/wp-content\/uploads\/2022\/11\/pexels-photo-433495.jpeg\" data-object-fit=\"cover\" srcset=\"https:\/\/ihumanware.com\/wp-content\/uploads\/2022\/11\/pexels-photo-433495.jpeg 940w, https:\/\/ihumanware.com\/wp-content\/uploads\/2022\/11\/pexels-photo-433495-300x200.jpeg 300w, https:\/\/ihumanware.com\/wp-content\/uploads\/2022\/11\/pexels-photo-433495-768x512.jpeg 768w\" sizes=\"auto, (max-width: 940px) 100vw, 940px\" \/><div class=\"wp-block-cover__inner-container is-layout-flow wp-block-cover-is-layout-flow\">\n<div class=\"wp-block-group is-style-default has-global-padding is-layout-constrained wp-block-group-is-layout-constrained\">\n<div style=\"height:88px\" aria-hidden=\"true\" class=\"wp-block-spacer\"><\/div>\n\n\n\n<h1 class=\"wp-block-heading has-text-align-center has-white-color has-text-color has-max-48-font-size\">\u2022<strong>About Us<\/strong><\/h1>\n\n\n\n<p class=\"has-text-align-center\">We are an organization that provides Strategic and Comprehensive solutions aimed at optimization, profitability, and generation of added value to Companies and Civil Organizations<\/p>\n\n\n\n<div style=\"height:63px\" aria-hidden=\"true\" class=\"wp-block-spacer\"><\/div>\n<\/div>\n<\/div><\/div>\n<\/main>\n\n\n\n<p><\/p>\n\n\n\n<div style=\"height:0px\" aria-hidden=\"true\" class=\"wp-block-spacer\"><\/div>\n\n\n\n<div class=\"wp-block-media-text alignwide is-stacked-on-mobile animated fadeIn\"><figure class=\"wp-block-media-text__media\"><img loading=\"lazy\" decoding=\"async\" width=\"1024\" height=\"1024\" src=\"http:\/\/ihumanware.com\/wp-content\/uploads\/2023\/08\/Strategy.png\" alt=\"\" class=\"wp-image-325 size-full\" srcset=\"https:\/\/ihumanware.com\/wp-content\/uploads\/2023\/08\/Strategy.png 1080w, https:\/\/ihumanware.com\/wp-content\/uploads\/2023\/08\/Strategy-300x300.png 300w, https:\/\/ihumanware.com\/wp-content\/uploads\/2023\/08\/Strategy-1024x1024.png 1024w, https:\/\/ihumanware.com\/wp-content\/uploads\/2023\/08\/Strategy-150x150.png 150w, https:\/\/ihumanware.com\/wp-content\/uploads\/2023\/08\/Strategy-768x768.png 768w, https:\/\/ihumanware.com\/wp-content\/uploads\/2023\/08\/Strategy-12x12.png 12w\" sizes=\"auto, (max-width: 1024px) 100vw, 1024px\" \/><\/figure><div class=\"wp-block-media-text__content\">\n<p><\/p>\n\n\n\n<figure class=\"wp-block-pullquote\"><blockquote><p>MISSION:<\/p><cite><br>Dar servicios&nbsp; innovadores que den ventajas competitivas y soluciones vanguardistas a las Organizaciones Empresariales y Civiles<\/cite><\/blockquote><\/figure>\n\n\n\n<figure class=\"wp-block-pullquote\"><blockquote><p>VISION:<\/p><cite>To be the best advisory option for all types of Organizations and an essential part of their results.<\/cite><\/blockquote><\/figure>\n\n\n\n<figure class=\"wp-block-pullquote\"><blockquote><p>VALUES:<\/p><cite>\u2022Responsibility<br>- Ethics<br>\u2022Teamwork<br>- Innovation<br>- Quality<\/cite><\/blockquote><\/figure>\n<\/div><\/div>","protected":false},"excerpt":{"rendered":"<p>MISI\u00d3N: Dar servicios&nbsp; innovadores que den ventajas competitivas y soluciones vanguardistas a las Organizaciones Empresariales y Civiles VISI\u00d3N: Ser para todo tipo de Organizaci\u00f3n la mejor opci\u00f3n de asesor\u00eda y parte esencial en sus resultados. VALORES: &#8211; Responsabilidad&#8211; \u00c9tica&#8211; Trabajo en Equipo&#8211; Innovaci\u00f3n&#8211; Calidad<\/p>","protected":false},"author":1,"featured_media":276,"parent":0,"menu_order":0,"comment_status":"closed","ping_status":"closed","template":"","meta":{"_eb_attr":"","_themeisle_gutenberg_block_has_review":false,"footnotes":""},"class_list":["post-38","page","type-page","status-publish","has-post-thumbnail","hentry"],"_links":{"self":[{"href":"https:\/\/ihumanware.com\/en\/wp-json\/wp\/v2\/pages\/38","targetHints":{"allow":["GET"]}}],"collection":[{"href":"https:\/\/ihumanware.com\/en\/wp-json\/wp\/v2\/pages"}],"about":[{"href":"https:\/\/ihumanware.com\/en\/wp-json\/wp\/v2\/types\/page"}],"author":[{"embeddable":true,"href":"https:\/\/ihumanware.com\/en\/wp-json\/wp\/v2\/users\/1"}],"replies":[{"embeddable":true,"href":"https:\/\/ihumanware.com\/en\/wp-json\/wp\/v2\/comments?post=38"}],"version-history":[{"count":10,"href":"https:\/\/ihumanware.com\/en\/wp-json\/wp\/v2\/pages\/38\/revisions"}],"predecessor-version":[{"id":366,"href":"https:\/\/ihumanware.com\/en\/wp-json\/wp\/v2\/pages\/38\/revisions\/366"}],"wp:featuredmedia":[{"embeddable":true,"href":"https:\/\/ihumanware.com\/en\/wp-json\/wp\/v2\/media\/276"}],"wp:attachment":[{"href":"https:\/\/ihumanware.com\/en\/wp-json\/wp\/v2\/media?parent=38"}],"curies":[{"name":"wp","href":"https:\/\/api.w.org\/{rel}","templated":true}]}}