{"id":45,"date":"2022-11-21T08:56:53","date_gmt":"2022-11-21T08:56:53","guid":{"rendered":"http:\/\/ihumanware.com\/?page_id=45"},"modified":"2023-08-05T02:24:23","modified_gmt":"2023-08-05T07:24:23","slug":"servicios","status":"publish","type":"page","link":"https:\/\/ihumanware.com\/en\/servicios\/","title":{"rendered":"Services"},"content":{"rendered":"<div class=\"wp-block-media-text alignwide is-stacked-on-mobile animated fadeIn\"><figure class=\"wp-block-media-text__media\"><img loading=\"lazy\" decoding=\"async\" width=\"1024\" height=\"768\" src=\"http:\/\/ihumanware.com\/wp-content\/uploads\/2022\/11\/empresario-apontando-o-grafico-de-seta-plano-de-crescimento-futuro-corporativo-e-aumentar-a-porcentagem_20693-179-1-1200x900-1-1024x768.jpg\" alt=\"\" class=\"wp-image-74 size-full\" srcset=\"https:\/\/ihumanware.com\/wp-content\/uploads\/2022\/11\/empresario-apontando-o-grafico-de-seta-plano-de-crescimento-futuro-corporativo-e-aumentar-a-porcentagem_20693-179-1-1200x900-1-1024x768.jpg 1024w, https:\/\/ihumanware.com\/wp-content\/uploads\/2022\/11\/empresario-apontando-o-grafico-de-seta-plano-de-crescimento-futuro-corporativo-e-aumentar-a-porcentagem_20693-179-1-1200x900-1-300x225.jpg 300w, https:\/\/ihumanware.com\/wp-content\/uploads\/2022\/11\/empresario-apontando-o-grafico-de-seta-plano-de-crescimento-futuro-corporativo-e-aumentar-a-porcentagem_20693-179-1-1200x900-1-768x576.jpg 768w, https:\/\/ihumanware.com\/wp-content\/uploads\/2022\/11\/empresario-apontando-o-grafico-de-seta-plano-de-crescimento-futuro-corporativo-e-aumentar-a-porcentagem_20693-179-1-1200x900-1.jpg 1200w\" sizes=\"auto, (max-width: 1024px) 100vw, 1024px\" \/><\/figure><div class=\"wp-block-media-text__content\">\n<p><strong>I.-Business Strategies for savings and improvement for small and medium-sized companies<\/strong>:<\/p>\n\n\n\n<p>Analysis and Diagnosis of the Organization<\/p>\n\n\n\n<p>Strategic improvements for employees \u2013 processes-customers<\/p>\n\n\n\n<p>Development of Customer Service improvements<\/p>\n\n\n\n<p>Identification of benefits and value (obtaining resources for savings, optimizations and improvements)<\/p>\n\n\n\n<p>Development and implementation of procedures and policies for organizational development and effectiveness<\/p>\n\n\n\n<p>Systems for evaluation and improvement of work environment<\/p>\n\n\n\n<p>Improvement and productivity systems<\/p>\n\n\n\n<p>Property Administration<\/p>\n\n\n\n<p>Administration of shopping malls<\/p>\n\n\n\n<p>Real Estate Investment Strategies<\/p>\n<\/div><\/div>\n\n\n\n<div class=\"wp-block-media-text alignwide has-media-on-the-right is-stacked-on-mobile is-vertically-aligned-center animated fadeIn has-background-background-color has-background\"><div class=\"wp-block-media-text__content\">\n<p><strong>II.-Human Capital linked to improvements and profitability.<\/strong>:<\/p>\n\n\n\n<p>Traditional and special Psychometric Evaluations: Graphology and Face.<\/p>\n\n\n\n<p>Development of schemes of:<\/p>\n\n\n\n<p>-Compensations and Benefits<\/p>\n\n\n\n<p>&nbsp;-Organizational Competences<\/p>\n\n\n\n<p>-Performance Evaluation Systems&nbsp;<\/p>\n\n\n\n<p>Preparation for Legal Compliance Audits before the STPS in case of Audits (Mexico)<\/p>\n\n\n\n<p>Compliance review for Responsibility Audits<\/p>\n\n\n\n<p>&nbsp;Corporate Social.<\/p>\n<\/div><figure class=\"wp-block-media-text__media\"><img loading=\"lazy\" decoding=\"async\" width=\"1024\" height=\"442\" src=\"http:\/\/ihumanware.com\/wp-content\/uploads\/2022\/11\/3-1024x442.jpg\" alt=\"\" class=\"wp-image-75 size-full\" srcset=\"https:\/\/ihumanware.com\/wp-content\/uploads\/2022\/11\/3-1024x442.jpg 1024w, https:\/\/ihumanware.com\/wp-content\/uploads\/2022\/11\/3-300x130.jpg 300w, https:\/\/ihumanware.com\/wp-content\/uploads\/2022\/11\/3-768x332.jpg 768w, https:\/\/ihumanware.com\/wp-content\/uploads\/2022\/11\/3-1536x664.jpg 1536w, https:\/\/ihumanware.com\/wp-content\/uploads\/2022\/11\/3-2048x885.jpg 2048w\" sizes=\"auto, (max-width: 1024px) 100vw, 1024px\" \/><\/figure><\/div>\n\n\n\n<div class=\"wp-block-media-text alignwide is-stacked-on-mobile is-image-fill animated fadeIn has-white-background-color has-background\"><figure class=\"wp-block-media-text__media\" style=\"background-image:url(http:\/\/ihumanware.com\/wp-content\/uploads\/2022\/11\/5.webp);background-position:50% 50%\"><img loading=\"lazy\" decoding=\"async\" width=\"980\" height=\"666\" src=\"http:\/\/ihumanware.com\/wp-content\/uploads\/2022\/11\/5.webp\" alt=\"\" class=\"wp-image-77 size-full\" srcset=\"https:\/\/ihumanware.com\/wp-content\/uploads\/2022\/11\/5.webp 980w, https:\/\/ihumanware.com\/wp-content\/uploads\/2022\/11\/5-300x204.webp 300w, https:\/\/ihumanware.com\/wp-content\/uploads\/2022\/11\/5-768x522.webp 768w\" sizes=\"auto, (max-width: 980px) 100vw, 980px\" \/><\/figure><div class=\"wp-block-media-text__content\">\n<p><strong>III.-Analysis, evaluation of optimization and improvements in a<\/strong>ll <strong>HR Management areas<\/strong>:<\/p>\n\n\n\n<p>Functional Organizational Structures<\/p>\n\n\n\n<p>Descriptions of Positions (Analysis and strategic evaluation)<\/p>\n\n\n\n<p>Organizational development<\/p>\n\n\n\n<p>Brand development and registration<\/p>\n\n\n\n<p>Copyright Registration<\/p>\n\n\n\n<p>Patent Registration<\/p>\n<\/div><\/div>\n\n\n\n<div class=\"wp-block-media-text alignwide has-media-on-the-right is-stacked-on-mobile animated fadeIn has-background-background-color has-background\"><div class=\"wp-block-media-text__content\">\n<p><strong>IV.-Knowledge Management and Training.<\/strong><\/p>\n\n\n\n<p><strong>Training<\/strong><\/p>\n\n\n\n<p>\u2022Detection of training needs, training and talent development<\/p>\n\n\n\n<p>\u2022Management of legal aspects of training<\/p>\n\n\n\n<p>\u2022Design and delivery of Courses<\/p>\n\n\n\n<p>\u2022Preparation of training manuals and procedures<\/p>\n\n\n\n<p>\u2022Administration of training oriented towards quality certification systems.<\/p>\n<\/div><figure class=\"wp-block-media-text__media\"><img loading=\"lazy\" decoding=\"async\" width=\"664\" height=\"350\" src=\"http:\/\/ihumanware.com\/wp-content\/uploads\/2022\/11\/escalar.jpg\" alt=\"\" class=\"wp-image-73 size-full\" srcset=\"https:\/\/ihumanware.com\/wp-content\/uploads\/2022\/11\/escalar.jpg 664w, https:\/\/ihumanware.com\/wp-content\/uploads\/2022\/11\/escalar-300x158.jpg 300w\" sizes=\"auto, (max-width: 664px) 100vw, 664px\" \/><\/figure><\/div>\n\n\n\n<div class=\"wp-block-media-text alignwide is-stacked-on-mobile animated fadeIn has-background-background-color has-background\"><figure class=\"wp-block-media-text__media\"><img loading=\"lazy\" decoding=\"async\" width=\"1024\" height=\"576\" src=\"http:\/\/ihumanware.com\/wp-content\/uploads\/2022\/11\/4-1024x576.jpg\" alt=\"\" class=\"wp-image-76 size-full\" srcset=\"https:\/\/ihumanware.com\/wp-content\/uploads\/2022\/11\/4-1024x576.jpg 1024w, https:\/\/ihumanware.com\/wp-content\/uploads\/2022\/11\/4-300x169.jpg 300w, https:\/\/ihumanware.com\/wp-content\/uploads\/2022\/11\/4-768x432.jpg 768w, https:\/\/ihumanware.com\/wp-content\/uploads\/2022\/11\/4.jpg 1280w\" sizes=\"auto, (max-width: 1024px) 100vw, 1024px\" \/><\/figure><div class=\"wp-block-media-text__content\">\n<p><strong>&nbsp;V.-Management and Profitability of<\/strong><\/p>\n\n\n\n<p><strong>&nbsp;Labor Relations<\/strong><\/p>\n\n\n\n<p>Analysis, development and evaluation of Collective Contract<\/p>\n\n\n\n<p>Internal organization of regulations and procedures<\/p>\n\n\n\n<p>&nbsp;Labor leadership<\/p>\n<\/div><\/div>\n\n\n\n<div class=\"wp-block-media-text alignwide has-media-on-the-right is-stacked-on-mobile animated fadeIn has-white-background-color has-background\"><div class=\"wp-block-media-text__content\">\n<p><strong>&nbsp;VI.-Corporate Social<\/strong><\/p>\n\n\n\n<p><strong>Responsibility.<\/strong><\/p>\n\n\n\n<p>CSR Strategies (Corporate Social Responsibility)<\/p>\n\n\n\n<p>Preparation for Ethical Standards Audits<\/p>\n\n\n\n<p>Development of Social Projects<\/p>\n\n\n\n<p>Member of a Network of Civil Associations<\/p>\n\n\n\n<p>Direct Social Project through the CAS Social Assistance Center.<\/p>\n<\/div><figure class=\"wp-block-media-text__media\"><img loading=\"lazy\" decoding=\"async\" width=\"782\" height=\"864\" src=\"http:\/\/ihumanware.com\/wp-content\/uploads\/2022\/11\/image-1.png\" alt=\"\" class=\"wp-image-72 size-full\" srcset=\"https:\/\/ihumanware.com\/wp-content\/uploads\/2022\/11\/image-1.png 782w, https:\/\/ihumanware.com\/wp-content\/uploads\/2022\/11\/image-1-272x300.png 272w, https:\/\/ihumanware.com\/wp-content\/uploads\/2022\/11\/image-1-768x849.png 768w\" sizes=\"auto, (max-width: 782px) 100vw, 782px\" \/><\/figure><\/div>","protected":false},"excerpt":{"rendered":"<p>I.-Estrategias Empresariales de ahorro y mejora para peque\u00f1as y medianas Empresas: An\u00e1lisis y Diagn\u00f3stico de la Organizaci\u00f3n Mejoras estrat\u00e9gicas para&nbsp; empleados \u2013 procesos-clientes Desarrollo de mejoras de Servicio al Cliente Identificaci\u00f3n de beneficios y valor (obtenci\u00f3n de recursos por ahorros, optimizaciones y mejoras) Desarrollo e implementaci\u00f3n de procedimientos y pol\u00edticas para el&nbsp; desarrollo y efectividad [&hellip;]<\/p>\n","protected":false},"author":1,"featured_media":0,"parent":0,"menu_order":0,"comment_status":"closed","ping_status":"closed","template":"","meta":{"_eb_attr":"","_themeisle_gutenberg_block_has_review":false,"footnotes":""},"class_list":["post-45","page","type-page","status-publish","hentry"],"_links":{"self":[{"href":"https:\/\/ihumanware.com\/en\/wp-json\/wp\/v2\/pages\/45","targetHints":{"allow":["GET"]}}],"collection":[{"href":"https:\/\/ihumanware.com\/en\/wp-json\/wp\/v2\/pages"}],"about":[{"href":"https:\/\/ihumanware.com\/en\/wp-json\/wp\/v2\/types\/page"}],"author":[{"embeddable":true,"href":"https:\/\/ihumanware.com\/en\/wp-json\/wp\/v2\/users\/1"}],"replies":[{"embeddable":true,"href":"https:\/\/ihumanware.com\/en\/wp-json\/wp\/v2\/comments?post=45"}],"version-history":[{"count":12,"href":"https:\/\/ihumanware.com\/en\/wp-json\/wp\/v2\/pages\/45\/revisions"}],"predecessor-version":[{"id":369,"href":"https:\/\/ihumanware.com\/en\/wp-json\/wp\/v2\/pages\/45\/revisions\/369"}],"wp:attachment":[{"href":"https:\/\/ihumanware.com\/en\/wp-json\/wp\/v2\/media?parent=45"}],"curies":[{"name":"wp","href":"https:\/\/api.w.org\/{rel}","templated":true}]}}