{"id":49,"date":"2022-11-21T08:57:46","date_gmt":"2022-11-21T08:57:46","guid":{"rendered":"http:\/\/ihumanware.com\/?page_id=49"},"modified":"2023-08-05T02:31:42","modified_gmt":"2023-08-05T07:31:42","slug":"avisodeprivacidad","status":"publish","type":"page","link":"https:\/\/ihumanware.com\/en\/avisodeprivacidad\/","title":{"rendered":"Notice of Privacy"},"content":{"rendered":"\n<p class=\"animated fadeIn\">En <strong>I human ware SC,<\/strong> la informaci\u00f3n y datos personales de los beneficiarios, colaboradores, candidatos, asociados, empleados y proveedores, es tratada de forma estrictamente confidencial y con la secrec\u00eda necesaria para lograr los fines de la organizaci\u00f3n, por lo que hacemos un esfuerzo permanente para salvaguardarla, de conformidad con los art\u00edculos 8, 15, 16 y 36 de la Ley Federal de Protecci\u00f3n de Datos Personales en Posesi\u00f3n de los Particulares.<br><br>Identidad y domicilio de la organizaci\u00f3n:<br><strong>I human ware SC<\/strong>, es una sociedad civil sin fines de lucro, enfocada a la asesor\u00eda, consultor\u00eda, gesti\u00f3n, compra-venta, desarrollo, creaci\u00f3n, y a proporcionar&nbsp; diversos servicios de diferente \u00edndole.<\/p>\n\n\n\n<p class=\"animated fadeIn\">Nuestra misi\u00f3n es :Dar servicios&nbsp; innovadores que den ventajas competitivas y soluciones vanguardistas a las Organizaciones Empresariales y Civiles.<br><br>En concordancia con el derecho a la protecci\u00f3n de datos personales en posesi\u00f3n de particulares consagrado en el art\u00edculo 6\u00b0 de la Constituci\u00f3n Pol\u00edtica de los Estados Unidos Mexicanos, as\u00ed como en cumplimiento a las disposiciones de la Ley Federal de Protecci\u00f3n de Datos Personales en Posesi\u00f3n de los Particulares, y en base a los principios de licitud, consentimiento, informaci\u00f3n, calidad, finalidad, lealtad, proporcionalidad y responsabilidad; <strong>I human ware SC<\/strong>, con domicilio en 15 de Enero 5956.San B. Lindavista. Puebla.Puebla, es responsable de recabar y proteger los datos personales, as\u00ed como del uso que se le d\u00e9 a los mismos.<br><br>Si el titular de los datos personales no acepta en forma absoluta y completa los t\u00e9rminos y condiciones de este aviso, deber\u00e1 abstenerse de compartir cualquier tipo de informaci\u00f3n a la <strong>I human ware SC<\/strong> por cualquier medio f\u00edsico, \u00f3ptico y\/o electr\u00f3nico.<br>Prop\u00f3sito para la recolecci\u00f3n y uso de los datos:<br><br>Los datos personales son utilizados para las siguientes finalidades:<br>A).-En la comunicaci\u00f3n con terceros y clientes, proveedores nacionales e internacionales, con fines estad\u00edsticos, administrativos y de gesti\u00f3n.<br>B).-Para el registro de los beneficios y obligaciones establecidas por las leyes mexicanas, as\u00ed como para fines administrativos, de desarrollo y estad\u00edsticos, relacionados con nuestros servicios.<br>C).-Los datos personales de los clientes, proveedores, candidatos y dem\u00e1s &nbsp;personas f\u00edsicas y morales, nacionales e internacionales, son utilizados de manera interna para fines estad\u00edsticos, administrativos; y de manera externa para trasparentar el origen y destino de los recursos operados por <strong>I human ware SC<\/strong>.<br>D).-Adicionalmente a lo anterior, los datos personales de los diferentes grupos de inter\u00e9s de <strong>I human ware SC<\/strong> por ser\u00e1n tratados en general para mantener una fluida comunicaci\u00f3n con ellos a trav\u00e9s del envi\u00f3 de informaci\u00f3n, invitaciones y felicitaciones, y llevar a cabo tr\u00e1mites administrativos como:<\/p>\n\n\n\n<ul class=\"wp-block-list\">\n<li class=\"animated fadeIn\">Realizar las constancias de habilidades que se requieren para la administraci\u00f3n de la Capacitaci\u00f3n.<\/li>\n\n\n\n<li class=\"animated fadeIn\">Darlo de alta como cliente de la Empresa.<\/li>\n\n\n\n<li>Integrar su expediente como cliente de la Empresa.<\/li>\n\n\n\n<li>Analizar y en su caso otorgar formas de pago de los servicios que la Empresa ofrece.<\/li>\n\n\n\n<li>Elaboraci\u00f3n de requisiciones, recibos, facturas, notas de cr\u00e9dito o cargo.<\/li>\n\n\n\n<li>Realizar gestiones de cobro.<\/li>\n\n\n\n<li>Elaboraci\u00f3n de contratos y\/o cartas de t\u00e9rminos y condiciones.<\/li>\n\n\n\n<li>Contar con sus datos de contacto para cualquier tipo de comunicaci\u00f3n.<\/li>\n\n\n\n<li>Aclarar dudas, contestar consultas.<\/li>\n\n\n\n<li>Ofrecerle nuevos productos y hacer de su conocimiento.<\/li>\n\n\n\n<li>Recibir quejas o sugerencias.<\/li>\n\n\n\n<li>Evaluar la calidad de los servicios y\/o productos que reciba.<\/li>\n\n\n\n<li>Realizar investigaciones sobre la calidad de los productos.<\/li>\n\n\n\n<li class=\"animated fadeIn\">Almacenamiento en nuestras bases de datos por un m\u00e1ximo de 2 a\u00f1os<br><br><\/li>\n<\/ul>\n\n\n\n<p class=\"animated fadeIn\">Datos personales recabados:<br>Para los fines antes citados <strong>I human ware SC<\/strong>, requiere obtener los siguientes datos personales:<br><br>A) &nbsp;De las personas f\u00edsicas<br>Nombre completo.<br>Direcci\u00f3n.<br>Tel\u00e9fono(s)local y\/o m\u00f3vil.<br>Correo electr\u00f3nico.<br>Fecha de nacimiento.<br>Lugar de nacimiento.<br>Estado Civil.<br>Escolaridad.<\/p>\n\n\n\n<p>Cedula fiscal y datos de RFC<\/p>\n\n\n\n<p>Clave \u00fanica de registro de poblaci\u00f3n (CURP)<\/p>\n\n\n\n<p>Experiencia Profesional<\/p>\n\n\n\n<p>Llenado de Evaluaciones Psicom\u00e9tricas<\/p>\n\n\n\n<p>Curr\u00edculo<br>Ocupaci\u00f3n laboral.<br>Sexo.<br>Informaci\u00f3n financiera en los casos que proceda.<\/p>\n\n\n\n<p><br>Otro tipo de informaci\u00f3n espec\u00edfica, de acuerdo a las necesidades de las diferentes \u00e1reas y conforme a los fines de la organizaci\u00f3n.<br><br>B) &nbsp;De las personas Morales<br>Nombre de la instituci\u00f3n.<br>Registro Federal de Contribuyentes.<br>Nombre de los representantes.<br>Direcci\u00f3n.<br>Tel\u00e9fono(s).<br>Correo electr\u00f3nico.<\/p>\n\n\n\n<p>Cedula fiscal y datos<\/p>\n\n\n\n<p>Referencias comerciales&nbsp; y personales<\/p>\n\n\n\n<p>Domicilio de otros negocios o sucursales para asesor\u00eda o cursos<\/p>\n\n\n\n<p>Clave \u00fanica de registro de poblaci\u00f3n (CURP) de los involucrados para el caso de cursos<\/p>\n\n\n\n<p>Cuenta bancaria: Banco, sucursal, n\u00famero de cuenta, tel\u00e9fono.&nbsp;<\/p>\n\n\n\n<p>Curr\u00edculo Empresarial<br>Otro tipo de informaci\u00f3n espec\u00edfica, de acuerdo a las necesidades de las diferentes \u00e1reas y conforme a los fines de la organizaci\u00f3n.<\/p>\n\n\n\n<p><br>Manejo de datos personales sensibles<br>Algunos de los datos recabados que se mencionan en los incisos antes citados, son considerados como datos personales sensibles, por lo que el uso y tratamiento de los mismos por parte de la organizaci\u00f3n, se hace con el m\u00e1s estricto control, confidencialidad y secrec\u00eda necesarios para la proveedur\u00eda, protecci\u00f3n y bienestar de nuestra poblaci\u00f3n de inter\u00e9s, dicho manejo de los datos personales y datos personales sensibles es necesario para lograr las finalidades leg\u00edtimas, &nbsp;concretas y acordes de [nombre de la organizaci\u00f3n].<br><br>Opciones y medios para limitar el uso o divulgaci\u00f3n de los datos:<br>En todo momento el titular podr\u00e1 limitar el uso o divulgaci\u00f3n del tratamiento de sus datos personales, para tal efecto deber\u00e1 ponerse en contacto a trav\u00e9s del correo electr\u00f3nico <a href=\"mailto:avisodeprivacidad@ihumanware.com\">avisodeprivacidad@ihumanware.com<\/a> &nbsp;y ser\u00e1 necesario que presente su petici\u00f3n al responsable del manejo de la informaci\u00f3n de la organizaci\u00f3n cuyos datos de contacto vienen a continuaci\u00f3n.<br>Medios para ejercer los derechos de acceso a los datos, rectificaci\u00f3n, cancelaci\u00f3n u oposici\u00f3n de los mismos, de conformidad con lo dispuesto por la Ley<br>El titular tiene derecho de acceder a sus datos personales que <strong>I human ware SC<\/strong> posee y a los detalles del tratamiento de los mismos, rectificar en caso de ser inexactos o incompletos, cancelarlos cuando considere que no se requieren para alguna de las finalidades se\u00f1aladas en el aviso de privacidad, as\u00ed como a oponerse al tratamiento de los mismos y\/o revocar en los casos que proceda, cuando la ley espec\u00edfica lo permita, el consentimiento que para tal fin nos haya otorgado, a trav\u00e9s de los procedimientos que se han implementado para tal efecto. Para conocer m\u00e1s detalles sobre el procedimiento respectivo, requisitos y plazos, puede contactar a la Direcci\u00f3n General Ihumanware , responsable de manejo de la informaci\u00f3n, al siguiente correo electr\u00f3nico <a href=\"mailto:chumano@ihumanware.com\">chumano@ihumanware.com<\/a><\/p>\n\n\n\n<p><br>Procedimiento a seguir en caso de que el titular de los datos cambie de opini\u00f3n posteriormente y decida revocar su consentimiento<\/p>\n\n\n\n<p>Como lo establece el art\u00edculo 21 del Reglamento de la Ley Federal de Protecci\u00f3n de Datos Personales en Posesi\u00f3n de los Particulares, en todo momento, usted podr\u00e1 revocar el consentimiento que nos ha otorgado para el tratamiento de sus datos personales, a fin de que dejemos de hacer uso de los mismos.<\/p>\n\n\n\n<p>Para ello, es necesario que presente su Solicitud de Ejercicio de Derechos ARCO (de conformidad a lo establecido por el Procedimiento ARCO) ante el Responsable, en los datos proporcionados al inicio de este Aviso de Privacidad. Su petici\u00f3n deber\u00e1 ir acompa\u00f1ada de la informaci\u00f3n establecida por dicho Procedimiento ARCO.La petici\u00f3n debe de ir acompa\u00f1ada de la siguiente informaci\u00f3n:<\/p>\n\n\n\n<p><br>1.-Nombre completo de la persona que desea revocar el consentimiento y documento de identidad que acredite la personalidad o documento que acredite la representaci\u00f3n legal en su caso.<br>2.-Descripci\u00f3n clara y precisa de los datos personales respecto de los que se busca ejercer alguno de los derechos antes mencionados.<br>3.-Domicilio, correo electr\u00f3nico u otro medio para comunicarle la respuesta a su solicitud.<br>Cualquier otro documento que facilite la localizaci\u00f3n de los datos personales.<br><br><strong>I human ware SC<\/strong> tendr\u00e1 un plazo de 20 d\u00edas contados, a partir de la fecha en que se recibi\u00f3 la solicitud, para atender y comunicarle al titular la determinaci\u00f3n adoptada, a efecto de que, si resulta procedente, se haga efectiva la misma dentro de los 15 d\u00edas siguientes a la fecha en que se comunica la respuesta.<br><br>Trat\u00e1ndose de solicitudes de acceso de datos personales, proceder\u00e1 la entrega previa acreditaci\u00f3n de la identidad del solicitante o representante legal seg\u00fan corresponda. Los plazos antes referidos podr\u00e1n ser ampliados una sola vez por un periodo igual, siempre y cuando as\u00ed lo justifiquen las circunstancias del caso.<br>Transferencia de datos:<br>Para lograr el objeto y fines que persigue la organizaci\u00f3n, los datos personales pueden ser transferidos y tratados dentro y fuera del pa\u00eds. La informaci\u00f3n ser\u00e1 compartida para fines estad\u00edsticos y administrativos. Si el titular de los datos personales no manifiesta oposici\u00f3n alguna y no lo informa al responsable mediante el procedimiento establecido anteriormente citado, se entender\u00e1 que ha otorgado su consentimiento para ello. No obstante lo anterior, <strong>I human ware SC<\/strong> &nbsp;se compromete a que la informaci\u00f3n que se transfiere a terceros y que se encuentra prevista en las excepciones que fija la ley de la materia para tal efecto, sea tratada de forma responsable, confidencial y exclusivamente por aquellas personas que requieren del conocimiento de dichos datos.<\/p>\n\n\n\n<p>Si usted no manifiesta su oposici\u00f3n para que sus datos personales sean transferidos, se entender\u00e1 que ha otorgado su consentimiento&nbsp; para ello.<\/p>\n\n\n\n<p><br>Procedimiento y medios por el cual se comunicar\u00e1 a los titulares de cambios al aviso de privacidad:<br>Atendiendo las directrices de la autoridad competente, en su caso, de ser necesario <strong>I human ware SC<\/strong> realizar\u00e1 cambios o modificaciones al aviso de privacidad, atendiendo tambi\u00e9n los fines de la organizaci\u00f3n. En su caso estas modificaciones estar\u00e1n disponibles en la p\u00e1gina web institucional o se har\u00e1n llegar a la brevedad al \u00faltimo correo electr\u00f3nico que los titulares nos hayan proporcionado.<br><br>Este documento atiende las disposiciones de la ley aplicable, para casos espec\u00edficos y en atenci\u00f3n al objeto social y fines de la organizaci\u00f3n, se atender\u00e1 la situaci\u00f3n concreta y se le pondr\u00e1 a la vista el aviso de privacidad simplificado cuyo contenido actualiza la informaci\u00f3n requerida en las fracciones I y II del art\u00edculo 16 de la ley de la materia y remite al presente aviso de privacidad completo.&nbsp;<\/p>\n\n\n\n<p>Cualquier modificaci\u00f3n &nbsp;a &nbsp;este &nbsp;aviso &nbsp;de &nbsp;privacidad &nbsp;se &nbsp;podr\u00e1 &nbsp;consultar &nbsp;en &nbsp; la &nbsp;p\u00e1gina <a href=\"http:\/\/ihumanware.com\">www.ihumanware.com<\/a><\/p>\n\n\n\n<p>Nos reservamos el derecho de efectuar en cualquier momento modificaciones o actualizaciones al presente aviso de privacidad, para la atenci\u00f3n de novedades legislativas, pol\u00edticas internas o nuevos requerimientos para la prestaci\u00f3n u ofrecimiento de nuestros servicios o productos.<\/p>\n\n\n\n<p><br>Si alguna persona (f\u00edsica o moral) considera que su derecho de protecci\u00f3n de datos personales ha sido lesionado por alguna conducta de los colaboradores de <strong>I human ware SC<\/strong> o de las actuaciones de la organizaci\u00f3n, presume que en el tratamiento de sus datos personales existe alguna violaci\u00f3n a las disposiciones previstas en le Ley Federal de Protecci\u00f3n de Datos Personales en Posesi\u00f3n de Particulares, podr\u00e1 interponer la queja o denuncia correspondiente ante el IFAI.<\/p>\n\n\n\n<figure class=\"wp-block-table\"><table><tbody><tr><td>&nbsp;<\/td><td>&nbsp;<\/td><\/tr><\/tbody><\/table><\/figure>\n\n\n\n<figure class=\"wp-block-pullquote\"><blockquote><p><strong>AVISO DE CONFIDENCIALIDAD<\/strong><\/p><cite>AVISO DE CONFIDENCIALIDAD:&nbsp;La informaci\u00f3n contenida en este correo electr\u00f3nico es propiedad de I HUMAN WARE SC , y su uso est\u00e1 restringido para la(s) persona(s) a quien(es) va dirigida. Si usted no es el destinatario de la informaci\u00f3n contenida en el presente correo o si considera que lo recibi\u00f3 por error, le suplicamos notificar de forma inmediata al remitente y borrarlo definitivamente&nbsp;de su ordenador. Ya que cualquier copia o distribuci\u00f3n quedan estrictamente prohibida en t\u00e9rminos de las leyes aplicables y su contravenci\u00f3n ser\u00e1 denunciada ante las autoridades competentes. I HUMAN WARE no se har\u00e1 responsable de dichos usos y se reserva cualquier tipo de acci\u00f3n legal que pudiera derivar contra quien o quienes resulten responsables de su distribuci\u00f3n, divulgaci\u00f3n, reproducci\u00f3n o uso sin previa autorizaci\u00f3n por escrito por parte de&nbsp;I HUMAN WARE.<br>AVISO DE PRIVACIDAD:&nbsp;Se hace de su conocimiento que I HUMAN WARE SC., cumple de forma satisfactoria con los t\u00e9rminos y condiciones del Aviso de Privacidad previsto en la Ley Federal de Protecci\u00f3n de Datos Personales en Posesi\u00f3n de los Particulares. Nuestro Aviso de Privacidad integral puede ser consultado de forma permanente&nbsp;en la p\u00e1gina de internet&nbsp;www.ihumanware.com,&nbsp;I HUMAN WARE SC, se reserva el derecho de realizar, en cualquier momento y sin aviso previo, modificaciones y\/o adiciones al Aviso de Privacidad. Cualquier cambio y\/o adici\u00f3n se ver\u00e1 reflejado de forma directa en el sitio electr\u00f3nico dispuesto para su consulta. &nbsp;<br>AVISO DEL USO DE DATOS: I HUMAN WARE SC. \u00fanicamente intercambia informaci\u00f3n con las personas f\u00edsicas o morales con las que mantiene una relaci\u00f3n comercial y\/o jur\u00eddica vigente. Lo anterior con la finalidad de mantener, actualizar y administrar su sitio web y\/o redes sociales, a trav\u00e9s de los que informa a sus contratantes y usuarios sobre actividades, promociones, productos y eventos. I HUMAN WARE SC, cuida los datos personales sensibles en los t\u00e9rminos descritos por la Ley Federal de Protecci\u00f3n de Datos Personales en Posesi\u00f3n de los Particulares.<\/cite><\/blockquote><\/figure>\n\n\n\n<p><\/p>\n","protected":false},"excerpt":{"rendered":"<p>En I human ware SC, la informaci\u00f3n y datos personales de los beneficiarios, colaboradores, candidatos, asociados, empleados y proveedores, es tratada de forma estrictamente confidencial y con la secrec\u00eda necesaria para lograr los fines de la organizaci\u00f3n, por lo que hacemos un esfuerzo permanente para salvaguardarla, de conformidad con los art\u00edculos 8, 15, 16 y [&hellip;]<\/p>\n","protected":false},"author":1,"featured_media":0,"parent":0,"menu_order":0,"comment_status":"closed","ping_status":"closed","template":"","meta":{"_eb_attr":"","_themeisle_gutenberg_block_has_review":false,"footnotes":""},"class_list":["post-49","page","type-page","status-publish","hentry"],"_links":{"self":[{"href":"https:\/\/ihumanware.com\/en\/wp-json\/wp\/v2\/pages\/49","targetHints":{"allow":["GET"]}}],"collection":[{"href":"https:\/\/ihumanware.com\/en\/wp-json\/wp\/v2\/pages"}],"about":[{"href":"https:\/\/ihumanware.com\/en\/wp-json\/wp\/v2\/types\/page"}],"author":[{"embeddable":true,"href":"https:\/\/ihumanware.com\/en\/wp-json\/wp\/v2\/users\/1"}],"replies":[{"embeddable":true,"href":"https:\/\/ihumanware.com\/en\/wp-json\/wp\/v2\/comments?post=49"}],"version-history":[{"count":4,"href":"https:\/\/ihumanware.com\/en\/wp-json\/wp\/v2\/pages\/49\/revisions"}],"predecessor-version":[{"id":377,"href":"https:\/\/ihumanware.com\/en\/wp-json\/wp\/v2\/pages\/49\/revisions\/377"}],"wp:attachment":[{"href":"https:\/\/ihumanware.com\/en\/wp-json\/wp\/v2\/media?parent=49"}],"curies":[{"name":"wp","href":"https:\/\/api.w.org\/{rel}","templated":true}]}}